{"id":1542,"date":"2024-03-17T13:07:56","date_gmt":"2024-03-17T12:07:56","guid":{"rendered":"https:\/\/klinikakasiopea.cz\/cookies\/"},"modified":"2026-04-10T11:06:45","modified_gmt":"2026-04-10T09:06:45","slug":"cookies","status":"publish","type":"page","link":"https:\/\/klinikakasiopea.cz\/de\/cookies\/","title":{"rendered":"Cookies"},"content":{"rendered":"<h3><strong>Wer sind wir?<\/strong><\/h3>\n<p>Wir sind die Firma Klinika Kasiopea s.r.o. mit der Kontaktadresse Fe\u0159tekova 739\/16, 181 00 Praha 8 \u2013 Bohnice, I\u010c: 2011 27 751, DI\u010c: CZ 2011 27 751, eingetragen beim Stadtgericht in Prag, C 397177 Unsere Kontaktdaten lauten: E-Mail: info@klinikakasiopea.cz Telefon: +420 602120151 Ich arbeite mit Cookies auf www.klinikakasiopea.cz Website.<\/p>\n<h3>Was sind Cookies?<\/h3>\n<p>Cookies sind Textdateien, die unsere Website an Ihren Webbrowser oder an Ihr Ger\u00e4t sendet, auf dem Sie diese Website \u00f6ffnen (z. B. Computer, Telefon, Tablet). Sie erm\u00f6glichen es uns, Sie wiederzuerkennen und unsere Website entsprechend anzupassen. Sie helfen uns auch, den Verkehr auf unserer Website zu analysieren.<\/p>\n<h3>Welche Arten von Cookies verwenden wir?<\/h3>\n<p>Technische (funktionale) Cookies sind notwendig, damit unsere Website gut angezeigt wird und so funktioniert, wie sie sollte. Statistische Cookies helfen uns zu analysieren, wie unsere Website in Bezug auf das Nutzerverhalten abschneidet. Dadurch k\u00f6nnen wir sie kontinuierlich verbessern. Marketing-Cookies erm\u00f6glichen es uns, Inhalte auf der Grundlage der von Ihnen zuvor besuchten Seiten anzupassen. Es wird auch verwendet, um die Wirksamkeit von Werbekampagnen zu analysieren. Auf welcher Grundlage verarbeiten wir Cookies? Wir k\u00f6nnen technische (funktionale) Cookies auf der Grundlage gesetzlicher Vorschriften verarbeiten. Ohne sie w\u00fcrde Ihnen unsere Website nicht korrekt angezeigt werden. Wir k\u00f6nnen Statistik- und Marketing-Cookies nur mit Ihrer Zustimmung verarbeiten. Dies ist nat\u00fcrlich freiwillig. \ud83d\ude42 Den Zeitraum, f\u00fcr den wir Cookies speichern, finden Sie in der folgenden Tabelle. Wie k\u00f6nnen Sie die Verwendung von Cookies verhindern? Sie k\u00f6nnen Ihre vorherige Zustimmung zur Verwendung von Cookies \u00e4ndern, indem Sie diese Schalter verwenden. Funktional Immer aktiv Marketing-Marketing Sie k\u00f6nnen die Verwendung aller Cookies in Ihren Browsereinstellungen deaktivieren. Die Einstellungen m\u00fcssen jedoch auf jedem Ger\u00e4t (Computer, Telefon, Tablet) separat vorgenommen werden. Sie k\u00f6nnen die Website auch im Inkognito-Modus Ihres Browsers durchsuchen. Wer verarbeitet Cookies f\u00fcr uns? Anbieter von Google Analytics, ReCAPTCHA und Google Maps, Google Ireland Ltd., mit Sitz in Google Building Gordon House, 4 Barrow St, Dublin, D04 E5W5, Irland, gem\u00e4\u00df seinen Allgemeinen Gesch\u00e4ftsbedingungen. Schlussfolgerung Die Verarbeitung personenbezogener Daten erfolgt innerhalb der Europ\u00e4ischen Union. Wenn die Verarbeitung au\u00dferhalb der EU erfolgt, dann auf der Grundlage einschl\u00e4giger Rechtsvorschriften (von der Europ\u00e4ischen Union genehmigte Ausnahmen oder nach Erf\u00fcllung anderer Anforderungen an die Datensicherheit). \u00a8<\/p>\n<p>\u00dcbersicht \u00fcber Cookies<\/p>\n<p>WordPress<br \/>\nFunktional, notwendig<\/p>\n<p>WPML<br \/>\nFunktional, notwendig<\/p>\n<h3>Google reCAPTCHA<\/h3>\n<p>Marketing-Cookies<\/p>\n<h3>Google Maps<\/h3>\n<p>Marketing-Cookies<\/p>\n<h3>YouTube<\/h3>\n<p>Marketing-Cookies<\/p>\n<h3>Complianz<\/h3>\n<p>Funktional, notwendig<\/p>\n<h3>Andere<\/h3>\n<h1><\/h1>\n<p>&nbsp;<\/p>\n<p>&nbsp;<\/p>\n<p>&nbsp;<\/p>\n","protected":false},"excerpt":{"rendered":"<p>Wer sind wir? Wir sind die Firma Klinika Kasiopea s.r.o. mit der Kontaktadresse Fe\u0159tekova 739\/16, 181 00 Praha 8 \u2013 Bohnice, I\u010c: 2011 27 751, DI\u010c: CZ 2011 27 751, eingetragen beim Stadtgericht in Prag, C 397177 Unsere Kontaktdaten lauten: E-Mail: info@klinikakasiopea.cz Telefon: +420 602120151 Ich arbeite mit Cookies auf www.klinikakasiopea.cz Website. Was sind Cookies? [&hellip;]<\/p>\n","protected":false},"author":1,"featured_media":0,"parent":0,"menu_order":31,"comment_status":"closed","ping_status":"closed","template":"","meta":{"_acf_changed":false,"inline_featured_image":false,"footnotes":""},"class_list":["post-1542","page","type-page","status-publish","hentry"],"acf":[],"aioseo_notices":[],"_links":{"self":[{"href":"https:\/\/klinikakasiopea.cz\/de\/wp-json\/wp\/v2\/pages\/1542","targetHints":{"allow":["GET"]}}],"collection":[{"href":"https:\/\/klinikakasiopea.cz\/de\/wp-json\/wp\/v2\/pages"}],"about":[{"href":"https:\/\/klinikakasiopea.cz\/de\/wp-json\/wp\/v2\/types\/page"}],"author":[{"embeddable":true,"href":"https:\/\/klinikakasiopea.cz\/de\/wp-json\/wp\/v2\/users\/1"}],"replies":[{"embeddable":true,"href":"https:\/\/klinikakasiopea.cz\/de\/wp-json\/wp\/v2\/comments?post=1542"}],"version-history":[{"count":4,"href":"https:\/\/klinikakasiopea.cz\/de\/wp-json\/wp\/v2\/pages\/1542\/revisions"}],"predecessor-version":[{"id":1733,"href":"https:\/\/klinikakasiopea.cz\/de\/wp-json\/wp\/v2\/pages\/1542\/revisions\/1733"}],"wp:attachment":[{"href":"https:\/\/klinikakasiopea.cz\/de\/wp-json\/wp\/v2\/media?parent=1542"}],"curies":[{"name":"wp","href":"https:\/\/api.w.org\/{rel}","templated":true}]}}